{"id":1134,"date":"2015-08-11T06:16:34","date_gmt":"2015-08-11T06:16:34","guid":{"rendered":"http:\/\/dentall.stylemixthemes.com\/demo\/?page_id=2"},"modified":"2024-10-17T12:10:28","modified_gmt":"2024-10-17T09:10:28","slug":"sample-page","status":"publish","type":"page","link":"https:\/\/isitmerantalya.com\/","title":{"rendered":"Home"},"content":{"rendered":"<div class=\"wpb-content-wrapper\"><p>[vc_row css=&#8221;.vc_custom_1439796249329{margin-bottom: 0px !important;}&#8221;][vc_column][rev_slider_vc alias=&#8221;main_slider&#8221;][\/vc_column][\/vc_row][vc_row el_class=&#8221;overflowed_content&#8221; css=&#8221;.vc_custom_1439880673570{margin-bottom: 0px !important;}&#8221;][vc_column width=&#8221;1\/3&#8243; css=&#8221;.vc_custom_1439878727322{margin-top: -100px !important;padding-right: 0px !important;}&#8221;][stm_icon_box icon=&#8221;fa fa-bell-o&#8221; style=&#8221;icon_right&#8221; icon_size=&#8221;110&#8243; animation=&#8221;enable&#8221; draw=&#8221;enable&#8221; draw_width=&#8221;80&#8243; icon_width=&#8221;100&#8243; title=&#8221;\u0130\u015e\u0130TME TESTLER\u0130&#8221; css=&#8221;.vc_custom_1513181891321{padding-top: 45px !important;padding-right: 40px !important;padding-bottom: 45px !important;padding-left: 40px !important;}&#8221; link=&#8221;||&#8221; el_class=&#8221;base_background_color mobile_adaptive&#8221;]\u00d6zel i\u015fitme odalar\u0131m\u0131zda, son model makinelarla testlerinizi yap\u0131yoruz[\/stm_icon_box][\/vc_column][vc_column width=&#8221;1\/3&#8243; css=&#8221;.vc_custom_1439878731029{margin-top: -100px !important;padding-right: 0px !important;padding-left: 0px !important;}&#8221;][stm_icon_box icon=&#8221;stm-icon-layers&#8221; style=&#8221;icon_right&#8221; icon_size=&#8221;110&#8243; animation=&#8221;enable&#8221; title=&#8221;Kulakl\u0131klar&#8221; css=&#8221;.vc_custom_1513181904155{padding-top: 45px !important;padding-right: 40px !important;padding-bottom: 45px !important;padding-left: 40px !important;}&#8221; link=&#8221;||&#8221; el_class=&#8221;secondary_background_color mobile_adaptive&#8221;]Duyma sorunlar\u0131n\u0131z i\u00e7in D\u00fcnya &#8216;deki en iyi firmalarla \u00e7al\u0131\u015f\u0131yoruz en ekonomik \u00e7\u00f6z\u00fcmleri sunuyoruz[\/stm_icon_box][\/vc_column][vc_column width=&#8221;1\/3&#8243; css=&#8221;.vc_custom_1439878734259{margin-top: -100px !important;padding-left: 0px !important;}&#8221;][stm_icon_box icon=&#8221;stm-icon-user&#8221; style=&#8221;icon_right&#8221; icon_size=&#8221;110&#8243; animation=&#8221;enable&#8221; title=&#8221;Teknik Servis&#8221; css=&#8221;.vc_custom_1513181919378{padding-top: 45px !important;padding-right: 40px !important;padding-bottom: 45px !important;padding-left: 40px !important;background-color: #4c6575 !important;}&#8221; link=&#8221;||&#8221; el_class=&#8221;mobile_adaptive&#8221;]Kulakl\u0131klar\u0131n\u0131z i\u00e7in teknik servisimizde h\u0131zl\u0131 ve etkili \u00e7\u00f6z\u00fcmler sunuyoruz.[\/stm_icon_box][\/vc_column][\/vc_row][vc_row el_class=&#8221;table_block&#8221; css=&#8221;.vc_custom_1439899405856{margin-bottom: 0px !important;}&#8221;][vc_column width=&#8221;2\/3&#8243; css=&#8221;.vc_custom_1443254508274{padding-top: 50px !important;padding-bottom: 50px !important;}&#8221;][vc_custom_heading text=&#8221;\u0130\u015fitmer Antalya&#8221; font_container=&#8221;tag:h2|text_align:left|color:%234c4c4c&#8221; use_theme_fonts=&#8221;yes&#8221; css=&#8221;.vc_custom_1485857187917{margin-bottom: 20px !important;}&#8221;][vc_custom_heading text=&#8221;i\u015fitme sorunlar\u0131n\u0131za profesyonel \u00e7\u00f6z\u00fcmler&#8221; font_container=&#8221;tag:div|font_size:30px|text_align:left|color:%23c2c2c2|line_height:40px&#8221; google_fonts=&#8221;font_family:Playfair%20Display%3Aregular%2Citalic%2C700%2C700italic%2C900%2C900italic|font_style:400%20italic%3A400%3Aitalic&#8221; css=&#8221;.vc_custom_1485857209629{margin-bottom: 30px !important;}&#8221;][vc_column_text]<img loading=\"lazy\" class=\"size-medium wp-image-1295 alignleft\" src=\"https:\/\/isitmerantalya.com\/wp-content\/uploads\/2015\/08\/Do-i-have-a-hearing-loss-300x200.jpg\" alt=\"\" width=\"300\" height=\"200\" srcset=\"https:\/\/isitmerantalya.com\/wp-content\/uploads\/2015\/08\/Do-i-have-a-hearing-loss-300x200.jpg 300w, https:\/\/isitmerantalya.com\/wp-content\/uploads\/2015\/08\/Do-i-have-a-hearing-loss-1024x683.jpg 1024w, https:\/\/isitmerantalya.com\/wp-content\/uploads\/2015\/08\/Do-i-have-a-hearing-loss-768x512.jpg 768w, https:\/\/isitmerantalya.com\/wp-content\/uploads\/2015\/08\/Do-i-have-a-hearing-loss-1536x1024.jpg 1536w, https:\/\/isitmerantalya.com\/wp-content\/uploads\/2015\/08\/Do-i-have-a-hearing-loss-2048x1365.jpg 2048w, https:\/\/isitmerantalya.com\/wp-content\/uploads\/2015\/08\/Do-i-have-a-hearing-loss-825x550.jpg 825w\" sizes=\"(max-width: 300px) 100vw, 300px\" \/>Sizi anlayabilen bir firma d\u00fc\u015f\u00fcn\u00fcn, ihtiya\u00e7lar\u0131n\u0131z en k\u0131sa s\u00fcrece sonu\u00e7land\u0131ran, g\u00fcler y\u00fczl\u00fc, \u00a0sat\u0131\u015f sonras\u0131 deste\u011fini asla esirgemeyen ve ekonomik bir firma. Bizler ba\u015fka bir firmadan bunlar\u0131 isteriz. Sizden bizlerde bunlar\u0131 bulacaks\u0131n\u0131z.<\/p>\n<p>\u0130\u015fitme sorunlar\u0131n\u0131n \u00f6nlenmesinin ve ortaya \u00e7\u0131kmalar\u0131 halinde bunlar\u0131n sonu\u00e7lar\u0131na kar\u015f\u0131 sava\u015fman\u0131n gereklili\u011fini vurgulamak amac\u0131yla, kulak sa\u011fl\u0131\u011f\u0131 ile ilgili olan projelerde kamu kurulu\u015flar\u0131 ve \u00f6zel kurumlarla birlikte \u00e7al\u0131\u015fmaktad\u0131r.[\/vc_column_text][\/vc_column][\/vc_row][vc_row full_width=&#8221;stretch_row&#8221; css=&#8221;.vc_custom_1443254699136{margin-bottom: 0px !important;padding-top: 60px !important;padding-bottom: 40px !important;}&#8221; el_class=&#8221;base_background_color&#8221;][vc_column][vc_custom_heading text=&#8221;Bizim Fark\u0131m\u0131z&#8221; font_container=&#8221;tag:h2|text_align:left|color:%23ffffff&#8221; use_theme_fonts=&#8221;yes&#8221; css=&#8221;.vc_custom_1485858008441{margin-bottom: 70px !important;}&#8221;][vc_row_inner][vc_column_inner width=&#8221;1\/2&#8243; offset=&#8221;vc_col-lg-3 vc_col-md-3&#8243; css=&#8221;.vc_custom_1443254710022{padding-bottom: 40px !important;}&#8221;][stm_icon_box title_font_size=&#8221;24&#8243; title_font_weight=&#8221;300&#8243; icon=&#8221;stm-icon-man&#8221; icon_size=&#8221;52&#8243; icon_height=&#8221;90&#8243; title=&#8221;Tecr\u00fcbeli Ekip&#8221; link=&#8221;||&#8221; title_color=&#8221;#ffffff&#8221;]Y\u0131llar\u0131n vermi\u015f oldu\u011fu tecr\u00fcbelerimizle sizlere en do\u011fru sonu\u00e7lar\u0131 sunuyoruz.[\/stm_icon_box][\/vc_column_inner][vc_column_inner width=&#8221;1\/2&#8243; offset=&#8221;vc_col-lg-3 vc_col-md-3&#8243; css=&#8221;.vc_custom_1443254718746{padding-bottom: 40px !important;}&#8221;][stm_icon_box title_font_size=&#8221;24&#8243; title_font_weight=&#8221;300&#8243; icon=&#8221;stm-icon-roundels&#8221; icon_size=&#8221;63&#8243; icon_height=&#8221;90&#8243; title=&#8221;\u00dcr\u00fcn \u00c7e\u015fitlili\u011fi&#8221;]D\u00fcnyan\u0131n en iyi firmalar\u0131n\u0131n, en kaliteli \u00fcr\u00fcnlerini ekonomik olarak size sunuyoruz.[\/stm_icon_box][\/vc_column_inner][vc_column_inner width=&#8221;1\/2&#8243; css=&#8221;.vc_custom_1443254731860{padding-bottom: 40px !important;}&#8221; offset=&#8221;vc_col-lg-3 vc_col-md-3&#8243;][stm_icon_box title_font_size=&#8221;24&#8243; title_font_weight=&#8221;300&#8243; icon=&#8221;stm-icon-list&#8221; icon_size=&#8221;54&#8243; icon_height=&#8221;90&#8243; title=&#8221;Teknik Servis&#8221;]Teknik servise ihtiya\u00e7 duydu\u011funuz anlarda sizlere h\u0131zl\u0131 ve etkili \u00e7\u00f6z\u00fcmler sunuyoruz.[\/stm_icon_box][\/vc_column_inner][vc_column_inner width=&#8221;1\/2&#8243; css=&#8221;.vc_custom_1443254742860{padding-bottom: 40px !important;}&#8221; offset=&#8221;vc_col-lg-3 vc_col-md-3&#8243;][stm_icon_box title_font_size=&#8221;24&#8243; title_font_weight=&#8221;300&#8243; icon=&#8221;fa fa-bell-slash-o&#8221; icon_size=&#8221;63&#8243; icon_height=&#8221;90&#8243; title=&#8221;Test Merkezi&#8221;]\u0130\u015fitme testi odalar\u0131m\u0131zda en do\u011fru sonu\u00e7lar\u0131 sizlere sunuyoruz.[\/stm_icon_box][\/vc_column_inner][\/vc_row_inner][\/vc_column][\/vc_row][vc_row css=&#8221;.vc_custom_1440049113495{margin-bottom: 70px !important;}&#8221;][vc_column][vc_empty_space][stm_testimonials count=&#8221;4&#8243; testimonials_to_show=&#8221;3&#8243; title=&#8221;Mutlu M\u00fc\u015fteriler&#8221;][\/vc_column][\/vc_row][vc_row full_width=&#8221;stretch_row_content_no_spaces&#8221; css=&#8221;.vc_custom_1440502317861{margin-bottom: 0px !important;}&#8221;][vc_column][vc_gmaps link=&#8221;#E-8_JTNDaWZyYW1lJTIwc3JjJTNEJTIyaHR0cHMlM0ElMkYlMkZ3d3cuZ29vZ2xlLmNvbSUyRm1hcHMlMkZlbWJlZCUzRnBiJTNEJTIxMW0xOCUyMTFtMTIlMjExbTMlMjExZDMxOTAuOTExMDAyNDMzMzQ1NCUyMTJkMzAuNjkxNDM0MzE1ODU4NTQlMjEzZDM2Ljg5MjQ3NzI3OTkyOTY2NSUyMTJtMyUyMTFmMCUyMTJmMCUyMTNmMCUyMTNtMiUyMTFpMTAyNCUyMTJpNzY4JTIxNGYxMy4xJTIxM20zJTIxMW0yJTIxMXMweDE0YzM5MDFlNjE1YTNmNTUlMjUzQTB4Yzk3ZTA2YTc1ZWZiNmRiZSUyMTJzQWx0JTI1QzQlMjVCMW5kYSUyNUM0JTI1OUYlMjUyQyUyQkFuYWZhcnRhbGFyJTJCQ2QuJTJCTm8lMjUzQTg1JTI1MkMlMkIwNzA1MCUyQk11cmF0cGElMjVDNSUyNTlGYSUyNTJGQW50YWx5YSUyMTVlMCUyMTNtMiUyMTFzdHIlMjEyc3RyJTIxNHYxNDg1ODU5NTQ3NTQ5JTIyJTIwd2lkdGglM0QlMjIxMDAlMjUlMjIlMjBoZWlnaHQlM0QlMjI0NTAlMjIlMjBmcmFtZWJvcmRlciUzRCUyMjAlMjIlMjBzdHlsZSUzRCUyMmJvcmRlciUzQTAlMjIlMjBhbGxvd2Z1bGxzY3JlZW4lM0UlM0MlMkZpZnJhbWUlM0U=&#8221;][\/vc_column][\/vc_row][vc_row css=&#8221;.vc_custom_1440502646613{margin-bottom: 0px !important;}&#8221;][vc_column width=&#8221;2\/3&#8243;][vc_column_text][\/vc_column_text][\/vc_column][vc_column width=&#8221;1\/3&#8243; css=&#8221;.vc_custom_1443266080216{margin-top: -462px !important;}&#8221; el_class=&#8221;base_background_color&#8221;][stm_contacts_widget address=&#8221;Alt\u0131nda\u011f Mah. Anafartalar Cad. \u00d6\u0096zpinar Atasan Apt. No:85 Daire:13 ANTALYA&#8221; email=&#8221;info@isitmerantalya.com&#8221; phone=&#8221;0 (530) 973 06 86&#8243; css=&#8221;.vc_custom_1729156224862{padding-top: 52px !important;padding-right: 35px !important;padding-bottom: 53px !important;padding-left: 35px !important;}&#8221;][\/vc_column][\/vc_row]<\/p>\n<\/div>","protected":false},"excerpt":{"rendered":"<p>[vc_row css=&#8221;.vc_custom_1439796249329{margin-bottom: 0px !important;}&#8221;][vc_column][rev_slider_vc alias=&#8221;main_slider&#8221;][\/vc_column][\/vc_row][vc_row el_class=&#8221;overflowed_content&#8221; css=&#8221;.vc_custom_1439880673570{margin-bottom: 0px !important;}&#8221;][vc_column width=&#8221;1\/3&#8243; css=&#8221;.vc_custom_1439878727322{margin-top: -100px !important;padding-right: 0px !important;}&#8221;][stm_icon_box icon=&#8221;fa fa-bell-o&#8221; style=&#8221;icon_right&#8221; icon_size=&#8221;110&#8243; animation=&#8221;enable&#8221; draw=&#8221;enable&#8221; draw_width=&#8221;80&#8243; icon_width=&#8221;100&#8243; title=&#8221;\u0130\u015e\u0130TME TESTLER\u0130&#8221; css=&#8221;.vc_custom_1513181891321{padding-top: 45px !important;padding-right: 40px !important;padding-bottom: 45px !important;padding-left: 40px !important;}&#8221; link=&#8221;||&#8221; el_class=&#8221;base_background_color mobile_adaptive&#8221;]\u00d6zel i\u015fitme odalar\u0131m\u0131zda, son model makinelarla testlerinizi yap\u0131yoruz[\/stm_icon_box][\/vc_column][vc_column width=&#8221;1\/3&#8243; css=&#8221;.vc_custom_1439878731029{margin-top: -100px !important;padding-right: 0px !important;padding-left: 0px !important;}&#8221;][stm_icon_box icon=&#8221;stm-icon-layers&#8221; style=&#8221;icon_right&#8221; icon_size=&#8221;110&#8243;&#8230;<\/p>\n","protected":false},"author":1,"featured_media":0,"parent":0,"menu_order":0,"comment_status":"closed","ping_status":"closed","template":"","meta":[],"_links":{"self":[{"href":"https:\/\/isitmerantalya.com\/index.php?rest_route=\/wp\/v2\/pages\/1134"}],"collection":[{"href":"https:\/\/isitmerantalya.com\/index.php?rest_route=\/wp\/v2\/pages"}],"about":[{"href":"https:\/\/isitmerantalya.com\/index.php?rest_route=\/wp\/v2\/types\/page"}],"author":[{"embeddable":true,"href":"https:\/\/isitmerantalya.com\/index.php?rest_route=\/wp\/v2\/users\/1"}],"replies":[{"embeddable":true,"href":"https:\/\/isitmerantalya.com\/index.php?rest_route=%2Fwp%2Fv2%2Fcomments&post=1134"}],"version-history":[{"count":21,"href":"https:\/\/isitmerantalya.com\/index.php?rest_route=\/wp\/v2\/pages\/1134\/revisions"}],"predecessor-version":[{"id":57517,"href":"https:\/\/isitmerantalya.com\/index.php?rest_route=\/wp\/v2\/pages\/1134\/revisions\/57517"}],"wp:attachment":[{"href":"https:\/\/isitmerantalya.com\/index.php?rest_route=%2Fwp%2Fv2%2Fmedia&parent=1134"}],"curies":[{"name":"wp","href":"https:\/\/api.w.org\/{rel}","templated":true}]}}