{"id":47312,"date":"2024-10-09T10:46:00","date_gmt":"2024-10-09T07:46:00","guid":{"rendered":"https:\/\/isitmerantalya.com\/?page_id=47312"},"modified":"2024-10-09T10:49:34","modified_gmt":"2024-10-09T07:49:34","slug":"unitron-insera","status":"publish","type":"page","link":"https:\/\/isitmerantalya.com\/?page_id=47312","title":{"rendered":"Unitron Insera"},"content":{"rendered":"<section class=\"elementor-section elementor-top-section elementor-element elementor-element-edc1118 elementor-section-boxed elementor-section-height-default elementor-section-height-default\" data-id=\"edc1118\" data-element_type=\"section\">\n<div class=\"elementor-container elementor-column-gap-default\">\n<div class=\"elementor-column elementor-col-100 elementor-top-column elementor-element elementor-element-5b2bbbb ot-flex-column-vertical\" data-id=\"5b2bbbb\" data-element_type=\"column\">\n<div class=\"elementor-widget-wrap elementor-element-populated\">\n<div class=\"elementor-element elementor-element-e1beb3e elementor-widget elementor-widget-heading\" data-id=\"e1beb3e\" data-element_type=\"widget\" data-widget_type=\"heading.default\">\n<div class=\"elementor-widget-container\">\n<h1 class=\"elementor-heading-title elementor-size-default\"><span style=\"font-size: 16px;\">Unitron Insera \u00c7ok Hafif, Hafif, Orta, \u0130leri Derece \u0130\u015fitme Kay\u0131plar\u0131na Uygun<\/span><\/h1>\n<\/div>\n<\/div>\n<\/div>\n<\/div>\n<\/div>\n<\/section>\n<section class=\"elementor-section elementor-top-section elementor-element elementor-element-09d4940 elementor-section-boxed elementor-section-height-default elementor-section-height-default\" data-id=\"09d4940\" data-element_type=\"section\">\n<div class=\"elementor-container elementor-column-gap-default\">\n<div class=\"elementor-column elementor-col-100 elementor-top-column elementor-element elementor-element-7796d2e ot-flex-column-vertical\" data-id=\"7796d2e\" data-element_type=\"column\">\n<div class=\"elementor-widget-wrap elementor-element-populated\">\n<div class=\"elementor-element elementor-element-9951017 elementor-widget elementor-widget-video\" data-id=\"9951017\" data-element_type=\"widget\" data-settings=\"{&quot;youtube_url&quot;:&quot;https:\\\/\\\/youtu.be\\\/zCG0dQkLwFg&quot;,&quot;video_type&quot;:&quot;youtube&quot;,&quot;controls&quot;:&quot;yes&quot;}\" data-widget_type=\"video.default\">\n<div class=\"elementor-widget-container\">\n<div class=\"elementor-wrapper elementor-open-inline\"><iframe loading=\"lazy\" id=\"widget2\" class=\"elementor-video\" title=\"KULAK \u0130\u00c7\u0130 \u0130\u015e\u0130TME C\u0130HAZLARI AVANTAJLARI \/ DEZAVANTAJLARI\" src=\"https:\/\/www.youtube.com\/embed\/zCG0dQkLwFg?controls=1&amp;rel=0&amp;playsinline=0&amp;modestbranding=0&amp;autoplay=0&amp;enablejsapi=1&amp;origin=https%3A%2F%2Fduyuklinikisitme.com&amp;widgetid=1\" width=\"640\" height=\"360\" frameborder=\"0\" allowfullscreen=\"allowfullscreen\" data-gtm-yt-inspected-116103187_19=\"true\" data-gtm-yt-inspected-116103187_21=\"true\" data-gtm-yt-inspected-12=\"true\" data-mce-fragment=\"1\"><\/iframe><\/div>\n<\/div>\n<\/div>\n<\/div>\n<\/div>\n<\/div>\n<\/section>\n<section class=\"elementor-section elementor-top-section elementor-element elementor-element-88b28b6 elementor-section-boxed elementor-section-height-default elementor-section-height-default\" data-id=\"88b28b6\" data-element_type=\"section\">\n<div class=\"elementor-container elementor-column-gap-default\">\n<div class=\"elementor-column elementor-col-50 elementor-top-column elementor-element elementor-element-7e640d4 ot-flex-column-vertical\" data-id=\"7e640d4\" data-element_type=\"column\">\n<div class=\"elementor-widget-wrap elementor-element-populated e-swiper-container\">\n<div class=\"elementor-element elementor-element-a8f4e72 elementor-widget elementor-widget-image-carousel e-widget-swiper\" data-id=\"a8f4e72\" data-element_type=\"widget\" data-settings=\"{&quot;slides_to_show&quot;:&quot;1&quot;,&quot;navigation&quot;:&quot;none&quot;,&quot;autoplay&quot;:&quot;yes&quot;,&quot;pause_on_hover&quot;:&quot;yes&quot;,&quot;pause_on_interaction&quot;:&quot;yes&quot;,&quot;autoplay_speed&quot;:5000,&quot;infinite&quot;:&quot;yes&quot;,&quot;effect&quot;:&quot;slide&quot;,&quot;speed&quot;:500}\" data-widget_type=\"image-carousel.default\" aria-roledescription=\"carousel\" aria-label=\"Karuzel | Yatay kayd\u0131rma: Sol ve Sa\u011f Ok\">\n<div class=\"elementor-widget-container\">\n<div class=\"elementor-image-carousel-wrapper swiper swiper-initialized swiper-horizontal swiper-pointer-events swiper-backface-hidden\" dir=\"ltr\">\n<div id=\"swiper-wrapper-7d5f97aab91a7222\" class=\"elementor-image-carousel swiper-wrapper\" aria-live=\"off\">\n<div class=\"swiper-slide swiper-slide-duplicate\" role=\"group\" aria-roledescription=\"slide\" aria-label=\"4 \/ 4\" data-swiper-slide-index=\"3\" aria-hidden=\"true\">\n<figure class=\"swiper-slide-inner\"><img class=\"swiper-slide-image\" src=\"https:\/\/duyuklinikisitme.com\/wp-content\/uploads\/2022\/11\/4-1.webp\" alt=\"Unitron Insera IIC bej\" \/><\/figure>\n<\/div>\n<\/div>\n<\/div>\n<\/div>\n<\/div>\n<\/div>\n<\/div>\n<div class=\"elementor-column elementor-col-50 elementor-top-column elementor-element elementor-element-cc5f5a7 ot-flex-column-vertical\" data-id=\"cc5f5a7\" data-element_type=\"column\">\n<div class=\"elementor-widget-wrap elementor-element-populated\">\n<div class=\"elementor-element elementor-element-28252fd elementor-widget elementor-widget-heading\" data-id=\"28252fd\" data-element_type=\"widget\" data-widget_type=\"heading.default\">\n<div class=\"elementor-widget-container\">\n<h2 class=\"elementor-heading-title elementor-size-default\">Kula\u011f\u0131n\u0131zda Gizlenen G\u00fc\u00e7 Unitron Insera<\/h2>\n<\/div>\n<\/div>\n<div class=\"elementor-element elementor-element-9c0b065 elementor-widget elementor-widget-text-editor\" data-id=\"9c0b065\" data-element_type=\"widget\" data-widget_type=\"text-editor.default\">\n<div class=\"elementor-widget-container\">\n<p><b>Unitron Insera<\/b>\u00a0ailesi ile en geli\u015fmi\u015f \u00e7\u00f6z\u00fcmler hi\u00e7 fark etmedi\u011finiz \u00e7\u00f6z\u00fcmlerdir. Sinyal i\u015fleme teknolojimiz, maksimum netli\u011fe ve de\u011fi\u015fen dinleme ortamlar\u0131na adapte olabilmek i\u00e7in tasarlanm\u0131\u015ft\u0131r.<\/p>\n<p>\u00d6d\u00fcll\u00fc, tam donan\u0131ml\u0131 ve evrensel bluetooth teknolojisine sahip i\u015fitme cihazlar\u0131m\u0131z, ger\u00e7ek ya\u015famdaki dinleme problemlerini \u00e7\u00f6zmek i\u00e7in estetik, konfor ve yapay zekay\u0131 bir araya getirmek \u00fczere tasarlanm\u0131\u015ft\u0131r.<\/p>\n<p>Nas\u0131l bir yolculuk haritadaki noktalardan daha fazlas\u0131ysa, daha y\u00fcksek i\u015fitme konforu da bir i\u015fitme testinden daha fazlas\u0131d\u0131r. \u00d6zel olarak geli\u015ftirilmi\u015f \u00e7ipimiz ile Unitron Insera i\u015fitme cihazlar\u0131 size sadece i\u015fitmeyi de\u011fil, en y\u00fcksek konfor ile i\u015fitmeyi sunmaktad\u0131r.<\/p>\n<p><strong><a href=\"https:\/\/duyuklinikisitme.com\/isitme-cihazi-fiyatlari\/\" rel=\"noopener\">\u0130\u015fitme cihaz\u0131 fiyatlar\u0131 ile ilgili yaz\u0131m\u0131z\u0131 okumak i\u00e7in l\u00fctfen t\u0131klay\u0131n\u0131z.<\/a><\/strong><\/p>\n<\/div>\n<\/div>\n<\/div>\n<\/div>\n<\/div>\n<\/section>\n<section class=\"elementor-section elementor-top-section elementor-element elementor-element-9078c35 elementor-section-boxed elementor-section-height-default elementor-section-height-default\" data-id=\"9078c35\" data-element_type=\"section\">\n<div class=\"elementor-container elementor-column-gap-default\">\n<div class=\"elementor-column elementor-col-50 elementor-top-column elementor-element elementor-element-70235b3 ot-flex-column-vertical\" data-id=\"70235b3\" data-element_type=\"column\">\n<div class=\"elementor-widget-wrap elementor-element-populated\">\n<div class=\"elementor-element elementor-element-e48d197 elementor-widget elementor-widget-image\" data-id=\"e48d197\" data-element_type=\"widget\" data-widget_type=\"image.default\">\n<div class=\"elementor-widget-container\"><img loading=\"lazy\" class=\"attachment-large size-large wp-image-6765\" src=\"https:\/\/duyuklinikisitme.com\/wp-content\/uploads\/2022\/11\/GORUNMEZ-CIHAZ-REKLAMI-KARE.webp\" sizes=\"(max-width: 600px) 100vw, 600px\" srcset=\"https:\/\/duyuklinikisitme.com\/wp-content\/uploads\/2022\/11\/GORUNMEZ-CIHAZ-REKLAMI-KARE.webp 600w, https:\/\/duyuklinikisitme.com\/wp-content\/uploads\/2022\/11\/GORUNMEZ-CIHAZ-REKLAMI-KARE-300x300.webp 300w, https:\/\/duyuklinikisitme.com\/wp-content\/uploads\/2022\/11\/GORUNMEZ-CIHAZ-REKLAMI-KARE-150x150.webp 150w\" alt=\"Unitron g\u00f6r\u00fcnmez i\u015fitme cihazlar\u0131\" width=\"600\" height=\"600\" \/><\/div>\n<\/div>\n<\/div>\n<\/div>\n<div class=\"elementor-column elementor-col-50 elementor-top-column elementor-element elementor-element-2885a39 ot-flex-column-vertical\" data-id=\"2885a39\" data-element_type=\"column\">\n<div class=\"elementor-widget-wrap elementor-element-populated\">\n<div class=\"elementor-element elementor-element-434ce28 elementor-widget elementor-widget-heading\" data-id=\"434ce28\" data-element_type=\"widget\" data-widget_type=\"heading.default\">\n<div class=\"elementor-widget-container\">\n<h2 class=\"elementor-heading-title elementor-size-default\">Hem Bluetoothlu Hem de G\u00f6r\u00fcnmez<\/h2>\n<\/div>\n<\/div>\n<div class=\"elementor-element elementor-element-82cdf04 elementor-widget elementor-widget-text-editor\" data-id=\"82cdf04\" data-element_type=\"widget\" data-widget_type=\"text-editor.default\">\n<div class=\"elementor-widget-container\">\n<p>Yeni nesil i\u015fitme cihaz\u0131n\u0131z hem \u00e7ok k\u00fc\u00e7\u00fck, hem de bluetooth teknolojisiyle desteklenmektedir.<\/p>\n<p>Ayr\u0131ca \u00f6zel olarak geli\u015ftirilen Made for All teknolojisi sayesinde, bluetooth ses aktar\u0131m\u0131n\u0131 destekleyen t\u00fcm ayg\u0131tlara ba\u011flanabilmektedir. Buna ek olarak telefon g\u00f6r\u00fc\u015fmesi i\u015fitme cihaz\u0131 \u00fczerinden ger\u00e7ekle\u015ftirilebilmektedir. Ayr\u0131ca m\u00fczik, video, internet \u00fczerinden g\u00f6r\u00fcnt\u00fcl\u00fc veya sesli toplant\u0131larda ses aktar\u0131m\u0131n\u0131 desteklemektedir..<\/p>\n<p><strong><a href=\"https:\/\/duyuklinikisitme.com\/bluetoothlu-isitme-cihazlari\/\" rel=\"noopener\">Bluetoothlu i\u015fitme cihazlar\u0131 ile ilgili yaz\u0131m\u0131z\u0131 okumak i\u00e7in l\u00fctfen t\u0131klay\u0131n.<\/a><\/strong><\/p>\n<\/div>\n<\/div>\n<div class=\"elementor-element elementor-element-dbbedda elementor-widget elementor-widget-heading\" data-id=\"dbbedda\" data-element_type=\"widget\" data-widget_type=\"heading.default\">\n<div class=\"elementor-widget-container\">\n<h3 class=\"elementor-heading-title elementor-size-default\">Tamamen Size \u00d6zel<\/h3>\n<\/div>\n<\/div>\n<div class=\"elementor-element elementor-element-89493b2 elementor-widget elementor-widget-text-editor\" data-id=\"89493b2\" data-element_type=\"widget\" data-widget_type=\"text-editor.default\">\n<div class=\"elementor-widget-container\">\n<p><strong>Unitron<\/strong>\u00a0i\u015fitme cihazlar\u0131 ailesi i\u00e7erisinde size en uygun kulak i\u00e7i i\u015fitme cihaz\u0131, size g\u00f6re \u00f6zelle\u015ftirilebilmektedir.<\/p>\n<p>\u00d6zelle\u015ftirilebilir programlar sayesinde bulundu\u011funuz ortama en uygun ses yap\u0131s\u0131n\u0131 kula\u011f\u0131n\u0131za iletmektedir.<\/p>\n<p>Konfor se\u00e7ene\u011fi ile yo\u011fun g\u00fcr\u00fclt\u00fcl\u00fc ortamlarda d\u0131\u015f g\u00fcr\u00fclt\u00fcy\u00fc maksimum seviyede azaltabilmektedir. Buna ek olarak netlik se\u00e7ene\u011fi ile ise sesin en do\u011fal halini size sunabilmektedir.<\/p>\n<p>Ekolayzer se\u00e7ene\u011fi ile sesleri frekans baz\u0131nda kendinize g\u00f6re d\u00fczenleme imkan\u0131 sunmaktad\u0131r.<\/p>\n<\/div>\n<\/div>\n<\/div>\n<\/div>\n<\/div>\n<\/section>\n<section class=\"elementor-section elementor-top-section elementor-element elementor-element-4b83986 elementor-section-boxed elementor-section-height-default elementor-section-height-default\" data-id=\"4b83986\" data-element_type=\"section\">\n<div class=\"elementor-container elementor-column-gap-default\">\n<div class=\"elementor-column elementor-col-50 elementor-top-column elementor-element elementor-element-795916a ot-flex-column-vertical\" data-id=\"795916a\" data-element_type=\"column\">\n<div class=\"elementor-widget-wrap elementor-element-populated\">\n<div class=\"elementor-element elementor-element-5744227 elementor-widget elementor-widget-image\" data-id=\"5744227\" data-element_type=\"widget\" data-widget_type=\"image.default\">\n<div class=\"elementor-widget-container\"><img loading=\"lazy\" class=\"attachment-large size-large wp-image-6332\" src=\"https:\/\/duyuklinikisitme.com\/wp-content\/uploads\/2022\/11\/insera-uclu-e1668966427845-1024x529.webp\" sizes=\"(max-width: 1024px) 100vw, 1024px\" srcset=\"https:\/\/duyuklinikisitme.com\/wp-content\/uploads\/2022\/11\/insera-uclu-e1668966427845-1024x529.webp 1024w, https:\/\/duyuklinikisitme.com\/wp-content\/uploads\/2022\/11\/insera-uclu-e1668966427845-300x155.webp 300w, https:\/\/duyuklinikisitme.com\/wp-content\/uploads\/2022\/11\/insera-uclu-e1668966427845-768x396.webp 768w, https:\/\/duyuklinikisitme.com\/wp-content\/uploads\/2022\/11\/insera-uclu-e1668966427845-1536x793.webp 1536w, https:\/\/duyuklinikisitme.com\/wp-content\/uploads\/2022\/11\/insera-uclu-e1668966427845.webp 1550w\" alt=\"Unitron Insera ailesi\" width=\"1024\" height=\"529\" \/><\/div>\n<\/div>\n<\/div>\n<\/div>\n<div class=\"elementor-column elementor-col-50 elementor-top-column elementor-element elementor-element-12f0e64 ot-flex-column-vertical\" data-id=\"12f0e64\" data-element_type=\"column\">\n<div class=\"elementor-widget-wrap elementor-element-populated\">\n<div class=\"elementor-element elementor-element-70ae1a1 elementor-widget elementor-widget-heading\" data-id=\"70ae1a1\" data-element_type=\"widget\" data-widget_type=\"heading.default\">\n<div class=\"elementor-widget-container\">\n<h4 class=\"elementor-heading-title elementor-size-default\">Insera \u00dcr\u00fcn \u00c7e\u015fitleri<\/h4>\n<\/div>\n<\/div>\n<div class=\"elementor-element elementor-element-341dba9 elementor-widget elementor-widget-text-editor\" data-id=\"341dba9\" data-element_type=\"widget\" data-widget_type=\"text-editor.default\">\n<div class=\"elementor-widget-container\">\n<p>Geni\u015f \u00fcr\u00fcn se\u00e7enekleriyle, \u00e7ok hafif dereceli i\u015fitme kay\u0131plar\u0131ndan ileri dereceli i\u015fitme kayb\u0131na kadar uygulanmaktad\u0131r. Ayr\u0131ca y\u00fcksek dinamik aral\u0131\u011fa ve uygulama \u00e7e\u015fitlili\u011fine sahiptir.<\/p>\n<\/div>\n<\/div>\n<div class=\"elementor-element elementor-element-d9234d6 elementor-widget elementor-widget-heading\" data-id=\"d9234d6\" data-element_type=\"widget\" data-widget_type=\"heading.default\">\n<div class=\"elementor-widget-container\">\n<h5 class=\"elementor-heading-title elementor-size-default\">Insera \u00dcr\u00fcn Grubu<\/h5>\n<\/div>\n<\/div>\n<div class=\"elementor-element elementor-element-87125e5 elementor-widget elementor-widget-text-editor\" data-id=\"87125e5\" data-element_type=\"widget\" data-widget_type=\"text-editor.default\">\n<div class=\"elementor-widget-container\">\n<p><b>Insera<\/b>\u00a0ailesinde \u00fc\u00e7 farkl\u0131 \u00fcr\u00fcn grubu bulunmaktad\u0131r. Bunlar;<\/p>\n<p>En k\u00fc\u00e7\u00fck model olan\u00a0<b>Insera 10A Omni<\/b>, 10 numara pil ile \u00e7al\u0131\u015fmaktad\u0131r.<\/p>\n<p>T\u00fcm telefonlar ile bluetooth ses aktar\u0131m\u0131 yapabilen\u00a0<b>Insera W 312<\/b>, 312 numara pil ile \u00e7al\u0131\u015fmaktad\u0131r.<\/p>\n<p>\u0130leri derece i\u015fitme kay\u0131plar\u0131 i\u00e7in y\u00fcksek g\u00fc\u00e7 sunan\u00a0<b>Insera 312 Omni,<\/b>\u00a0312 numara pil ile \u00e7al\u0131\u015fmaktad\u0131r.<\/p>\n<\/div>\n<\/div>\n<\/div>\n<\/div>\n<\/div>\n<\/section>\n<section class=\"elementor-section elementor-top-section elementor-element elementor-element-ccfb090 elementor-section-boxed elementor-section-height-default elementor-section-height-default\" data-id=\"ccfb090\" data-element_type=\"section\">\n<div class=\"elementor-container elementor-column-gap-default\">\n<div class=\"elementor-column elementor-col-50 elementor-top-column elementor-element elementor-element-ca177bd ot-flex-column-vertical\" data-id=\"ca177bd\" data-element_type=\"column\">\n<div class=\"elementor-widget-wrap elementor-element-populated\">\n<div class=\"elementor-element elementor-element-bb83fc1 elementor-widget elementor-widget-image\" data-id=\"bb83fc1\" data-element_type=\"widget\" data-widget_type=\"image.default\">\n<div class=\"elementor-widget-container\"><img loading=\"lazy\" class=\"attachment-large size-large wp-image-6333\" src=\"https:\/\/duyuklinikisitme.com\/wp-content\/uploads\/2022\/11\/3d-printer-1024x683.webp\" sizes=\"(max-width: 1024px) 100vw, 1024px\" srcset=\"https:\/\/duyuklinikisitme.com\/wp-content\/uploads\/2022\/11\/3d-printer-1024x683.webp 1024w, https:\/\/duyuklinikisitme.com\/wp-content\/uploads\/2022\/11\/3d-printer-300x200.webp 300w, https:\/\/duyuklinikisitme.com\/wp-content\/uploads\/2022\/11\/3d-printer-768x512.webp 768w, https:\/\/duyuklinikisitme.com\/wp-content\/uploads\/2022\/11\/3d-printer-750x500.webp 750w, https:\/\/duyuklinikisitme.com\/wp-content\/uploads\/2022\/11\/3d-printer.webp 1030w\" alt=\"3D Montaj\" width=\"1024\" height=\"683\" \/><\/div>\n<\/div>\n<\/div>\n<\/div>\n<div class=\"elementor-column elementor-col-50 elementor-top-column elementor-element elementor-element-5143985 ot-flex-column-vertical\" data-id=\"5143985\" data-element_type=\"column\">\n<div class=\"elementor-widget-wrap elementor-element-populated\">\n<div class=\"elementor-element elementor-element-8c588a4 elementor-widget elementor-widget-heading\" data-id=\"8c588a4\" data-element_type=\"widget\" data-widget_type=\"heading.default\">\n<div class=\"elementor-widget-container\">\n<h3 class=\"elementor-heading-title elementor-size-default\">3D Yaz\u0131c\u0131 ile Kula\u011f\u0131n\u0131za \u00d6zel \u0130\u015fitme Cihaz\u0131<\/h3>\n<\/div>\n<\/div>\n<div class=\"elementor-element elementor-element-3998ba1 elementor-widget elementor-widget-text-editor\" data-id=\"3998ba1\" data-element_type=\"widget\" data-widget_type=\"text-editor.default\">\n<div class=\"elementor-widget-container\">\n<p><strong>Unitron Insera<\/strong>\u00a0i\u015fitme cihazlar\u0131, size \u00f6zel olarak en y\u00fcksek teknoloji olan 3 boyutlu yaz\u0131c\u0131 ile \u00fcretilmektedir. Bu sayede size \u00f6zel olarak montajlanmaktad\u0131r.<\/p>\n<p>Unitron Insera kulak i\u00e7i i\u015fitme cihazlar\u0131, kula\u011f\u0131n\u0131z\u0131n tam \u015feklini alarak hata pay\u0131n\u0131 s\u0131f\u0131ra indirmektedir. Bu sayede feedback (\u00f6tme, \u0131sl\u0131k, u\u011fultu sesi) problemini en ba\u015f\u0131nda \u00e7\u00f6zmektedir.<\/p>\n<p>Unitron Insera 3D yaz\u0131c\u0131 teknolojisi ile kulak yap\u0131n\u0131za \u00f6zel olarak montajlanmaktad\u0131r. Bu sayede i\u015fitme cihaz\u0131n\u0131z, s\u0131f\u0131r hata ile \u00fcretilmektedir. Sonu\u00e7 olarak en y\u00fcksek verime sahip, en do\u011fal ve kaliteli sesi kula\u011f\u0131n\u0131za iletmektedir.<\/p>\n<\/div>\n<\/div>\n<\/div>\n<\/div>\n<\/div>\n<\/section>\n","protected":false},"excerpt":{"rendered":"<p>Unitron Insera \u00c7ok Hafif, Hafif, Orta, \u0130leri Derece \u0130\u015fitme Kay\u0131plar\u0131na Uygun Kula\u011f\u0131n\u0131zda Gizlenen G\u00fc\u00e7 Unitron Insera Unitron Insera\u00a0ailesi ile en geli\u015fmi\u015f \u00e7\u00f6z\u00fcmler hi\u00e7 fark etmedi\u011finiz \u00e7\u00f6z\u00fcmlerdir. Sinyal i\u015fleme teknolojimiz, maksimum netli\u011fe ve de\u011fi\u015fen dinleme ortamlar\u0131na adapte olabilmek i\u00e7in tasarlanm\u0131\u015ft\u0131r. \u00d6d\u00fcll\u00fc, tam donan\u0131ml\u0131 ve evrensel bluetooth teknolojisine sahip i\u015fitme cihazlar\u0131m\u0131z, ger\u00e7ek ya\u015famdaki dinleme problemlerini \u00e7\u00f6zmek i\u00e7in&#8230;<\/p>\n","protected":false},"author":1,"featured_media":0,"parent":0,"menu_order":0,"comment_status":"closed","ping_status":"closed","template":"","meta":[],"_links":{"self":[{"href":"https:\/\/isitmerantalya.com\/index.php?rest_route=\/wp\/v2\/pages\/47312"}],"collection":[{"href":"https:\/\/isitmerantalya.com\/index.php?rest_route=\/wp\/v2\/pages"}],"about":[{"href":"https:\/\/isitmerantalya.com\/index.php?rest_route=\/wp\/v2\/types\/page"}],"author":[{"embeddable":true,"href":"https:\/\/isitmerantalya.com\/index.php?rest_route=\/wp\/v2\/users\/1"}],"replies":[{"embeddable":true,"href":"https:\/\/isitmerantalya.com\/index.php?rest_route=%2Fwp%2Fv2%2Fcomments&post=47312"}],"version-history":[{"count":3,"href":"https:\/\/isitmerantalya.com\/index.php?rest_route=\/wp\/v2\/pages\/47312\/revisions"}],"predecessor-version":[{"id":47333,"href":"https:\/\/isitmerantalya.com\/index.php?rest_route=\/wp\/v2\/pages\/47312\/revisions\/47333"}],"wp:attachment":[{"href":"https:\/\/isitmerantalya.com\/index.php?rest_route=%2Fwp%2Fv2%2Fmedia&parent=47312"}],"curies":[{"name":"wp","href":"https:\/\/api.w.org\/{rel}","templated":true}]}}