{"id":899,"date":"2015-09-17T11:01:45","date_gmt":"2015-09-17T06:01:45","guid":{"rendered":"http:\/\/dentall.stylemixthemes.com\/demo\/?page_id=899"},"modified":"2024-10-17T12:12:18","modified_gmt":"2024-10-17T09:12:18","slug":"contact-us","status":"publish","type":"page","link":"https:\/\/isitmerantalya.com\/?page_id=899","title":{"rendered":"\u0130leti\u015fim Bilgileri"},"content":{"rendered":"<div class=\"wpb-content-wrapper\"><p>[vc_row][vc_column][vc_column_text]<!--vcv no format--><!-- vcwb\/dynamicElementComment:eb48944e --><\/p>\n<div class=\"vce-row-container\" data-vce-boxed-width=\"true\">\n<div class=\"vce-row vce-row--col-gap-30 vce-row-equal-height vce-row-content--top\" id=\"el-eb48944e\" data-vce-do-apply=\"all el-eb48944e\">\n<div class=\"vce-row-content\" data-vce-element-content=\"true\"><!-- vcwb\/dynamicElementComment:95761770 --><\/p>\n<div class=\"vce-col vce-col--md-auto vce-col--xs-1 vce-col--xs-last vce-col--xs-first vce-col--sm-last vce-col--sm-first vce-col--md-last vce-col--lg-last vce-col--xl-last vce-col--md-first vce-col--lg-first vce-col--xl-first\" id=\"el-95761770\">\n<div class=\"vce-col-inner\" data-vce-do-apply=\"border margin background el-95761770\">\n<div class=\"vce-col-content\" data-vce-element-content=\"true\" data-vce-do-apply=\"padding el-95761770\"><!-- vcwb\/dynamicElementComment:4d710649 --><\/p>\n<div class=\"vce-text-block\">\n<div class=\"vce-text-block-wrapper vce\" id=\"el-4d710649\" data-vce-do-apply=\"all el-4d710649\">[\/vc_column_text][\/vc_column][\/vc_row][vc_row css=&#8221;.vc_custom_1443297815351{margin-bottom: 20px !important;}&#8221;][vc_column width=&#8221;5\/12&#8243; css=&#8221;.vc_custom_1443298021925{margin-bottom: 30px !important;}&#8221; offset=&#8221;vc_col-lg-4 vc_col-md-4&#8243;][stm_contacts_widget style=&#8221;style_3&#8243; address=&#8221;Alt\u0131nda\u011f Mah. Anafartalar Cad. \u00d6zpinar<br \/>\nAtasan Apt. No:85 Daire:13 ANTALYA&#8221; email=&#8221;info@isitmerantalya.com&#8221; phone=&#8221;0 (530) 973 06 86<br \/>\n0 (530) 793 06 76&#8243; hours=&#8221;Pzt- Cmrt 8.00 &#8211; 18.00<br \/>\nPazar Kapal\u0131&#8221;][\/vc_column][vc_column width=&#8221;7\/12&#8243; css=&#8221;.vc_custom_1443298031143{margin-bottom: 30px !important;}&#8221; offset=&#8221;vc_col-lg-8 vc_col-md-8&#8243;][vc_gmaps link=&#8221;#E-8_JTNDaWZyYW1lJTIwc3JjJTNEJTIyaHR0cHMlM0ElMkYlMkZ3d3cuZ29vZ2xlLmNvbSUyRm1hcHMlMkZlbWJlZCUzRnBiJTNEJTIxMW0xNCUyMTFtOCUyMTFtMyUyMTFkMzE5MC45MTEwMDE1OTQzNCUyMTJkMzAuNjkxNDM0MyUyMTNkMzYuODkyNDc3MyUyMTNtMiUyMTFpMTAyNCUyMTJpNzY4JTIxNGYxMy4xJTIxM20zJTIxMW0yJTIxMXMweDE0YzM5MDFlNjZiMmI4NDclMjUzQTB4MjllMjA5MTM2M2NhZjgxMiUyMTJzQWx0JTI1QzQlMjVCMW5kYSUyNUM0JTI1OUYlMjUyQyUyQkFuYWZhcnRhbGFyJTJCQ2QuJTJCODUlMkJEJTJCRCUyNTNBMTMlMjUyQyUyQjA3MDUwJTJCTXVyYXRwYSUyNUM1JTI1OUZhJTI1MkZBbnRhbHlhJTIxNWUwJTIxM20yJTIxMXN0ciUyMTJzdHIlMjE0djE0ODU4NjQ3OTQwNTUlMjIlMjB3aWR0aCUzRCUyMjYwMCUyMiUyMGhlaWdodCUzRCUyMjQ1MCUyMiUyMGZyYW1lYm9yZGVyJTNEJTIyMCUyMiUyMHN0eWxlJTNEJTIyYm9yZGVyJTNBMCUyMiUyMGFsbG93ZnVsbHNjcmVlbiUzRSUzQyUyRmlmcmFtZSUzRQ==&#8221;][\/vc_column][\/vc_row]<\/p>\n<\/div>","protected":false},"excerpt":{"rendered":"<p>[vc_row][vc_column][vc_column_text] [\/vc_column_text][\/vc_column][\/vc_row][vc_row css=&#8221;.vc_custom_1443297815351{margin-bottom: 20px !important;}&#8221;][vc_column width=&#8221;5\/12&#8243; css=&#8221;.vc_custom_1443298021925{margin-bottom: 30px !important;}&#8221; offset=&#8221;vc_col-lg-4 vc_col-md-4&#8243;][stm_contacts_widget style=&#8221;style_3&#8243; address=&#8221;Alt\u0131nda\u011f Mah. Anafartalar Cad. \u00d6zpinar Atasan Apt. No:85 Daire:13 ANTALYA&#8221; email=&#8221;info@isitmerantalya.com&#8221; phone=&#8221;0 (530) 973 06 86 0 (530) 793 06 76&#8243; hours=&#8221;Pzt- Cmrt 8.00 &#8211; 18.00 Pazar Kapal\u0131&#8221;][\/vc_column][vc_column width=&#8221;7\/12&#8243; css=&#8221;.vc_custom_1443298031143{margin-bottom: 30px !important;}&#8221; offset=&#8221;vc_col-lg-8 vc_col-md-8&#8243;][vc_gmaps link=&#8221;#E-8_JTNDaWZyYW1lJTIwc3JjJTNEJTIyaHR0cHMlM0ElMkYlMkZ3d3cuZ29vZ2xlLmNvbSUyRm1hcHMlMkZlbWJlZCUzRnBiJTNEJTIxMW0xNCUyMTFtOCUyMTFtMyUyMTFkMzE5MC45MTEwMDE1OTQzNCUyMTJkMzAuNjkxNDM0MyUyMTNkMzYuODkyNDc3MyUyMTNtMiUyMTFpMTAyNCUyMTJpNzY4JTIxNGYxMy4xJTIxM20zJTIxMW0yJTIxMXMweDE0YzM5MDFlNjZiMmI4NDclMjUzQTB4MjllMjA5MTM2M2NhZjgxMiUyMTJzQWx0JTI1QzQlMjVCMW5kYSUyNUM0JTI1OUYlMjUyQyUyQkFuYWZhcnRhbGFyJTJCQ2QuJTJCODUlMkJEJTJCRCUyNTNBMTMlMjUyQyUyQjA3MDUwJTJCTXVyYXRwYSUyNUM1JTI1OUZhJTI1MkZBbnRhbHlhJTIxNWUwJTIxM20yJTIxMXN0ciUyMTJzdHIlMjE0djE0ODU4NjQ3OTQwNTUlMjIlMjB3aWR0aCUzRCUyMjYwMCUyMiUyMGhlaWdodCUzRCUyMjQ1MCUyMiUyMGZyYW1lYm9yZGVyJTNEJTIyMCUyMiUyMHN0eWxlJTNEJTIyYm9yZGVyJTNBMCUyMiUyMGFsbG93ZnVsbHNjcmVlbiUzRSUzQyUyRmlmcmFtZSUzRQ==&#8221;][\/vc_column][\/vc_row]<\/p>\n","protected":false},"author":1,"featured_media":0,"parent":0,"menu_order":0,"comment_status":"closed","ping_status":"closed","template":"","meta":[],"_links":{"self":[{"href":"https:\/\/isitmerantalya.com\/index.php?rest_route=\/wp\/v2\/pages\/899"}],"collection":[{"href":"https:\/\/isitmerantalya.com\/index.php?rest_route=\/wp\/v2\/pages"}],"about":[{"href":"https:\/\/isitmerantalya.com\/index.php?rest_route=\/wp\/v2\/types\/page"}],"author":[{"embeddable":true,"href":"https:\/\/isitmerantalya.com\/index.php?rest_route=\/wp\/v2\/users\/1"}],"replies":[{"embeddable":true,"href":"https:\/\/isitmerantalya.com\/index.php?rest_route=%2Fwp%2Fv2%2Fcomments&post=899"}],"version-history":[{"count":11,"href":"https:\/\/isitmerantalya.com\/index.php?rest_route=\/wp\/v2\/pages\/899\/revisions"}],"predecessor-version":[{"id":57518,"href":"https:\/\/isitmerantalya.com\/index.php?rest_route=\/wp\/v2\/pages\/899\/revisions\/57518"}],"wp:attachment":[{"href":"https:\/\/isitmerantalya.com\/index.php?rest_route=%2Fwp%2Fv2%2Fmedia&parent=899"}],"curies":[{"name":"wp","href":"https:\/\/api.w.org\/{rel}","templated":true}]}}